{"id":23859,"date":"2020-12-22T14:42:18","date_gmt":"2020-12-22T13:42:18","guid":{"rendered":"https:\/\/ekazent.at\/imprint\/"},"modified":"2025-10-02T17:09:54","modified_gmt":"2025-10-02T15:09:54","slug":"imprint","status":"publish","type":"page","link":"https:\/\/ekazent.at\/en\/imprint\/","title":{"rendered":"Imprint"},"content":{"rendered":"<p>[et_pb_section fb_built=&#8221;1&#8243; _builder_version=&#8221;4.16&#8243; locked=&#8221;off&#8221; global_colors_info=&#8221;{}&#8221;][et_pb_row column_structure=&#8221;1_2,1_2&#8243; _builder_version=&#8221;4.16&#8243; background_enable_color=&#8221;off&#8221; background_size=&#8221;initial&#8221; background_position=&#8221;top_left&#8221; background_repeat=&#8221;repeat&#8221; width=&#8221;100%&#8221; max_width=&#8221;90%&#8221; custom_margin=&#8221;||||false|false&#8221; locked=&#8221;off&#8221; global_colors_info=&#8221;{}&#8221;][et_pb_column type=&#8221;1_2&#8243; _builder_version=&#8221;4.16&#8243; custom_padding=&#8221;|||&#8221; global_colors_info=&#8221;{}&#8221; custom_padding__hover=&#8221;|||&#8221;][et_pb_blurb content_max_width=&#8221;100%&#8221; admin_label=&#8221;Header&#8221; _builder_version=&#8221;4.16&#8243; header_font=&#8221;|||on|||||&#8221; header_text_align=&#8221;left&#8221; header_text_color=&#8221;#003c73&#8243; header_font_size=&#8221;28px&#8221; header_letter_spacing=&#8221;1px&#8221; header_line_height=&#8221;1.4em&#8221; body_font=&#8221;Roboto|||on|||||&#8221; body_text_align=&#8221;left&#8221; body_text_color=&#8221;#e8405d&#8221; body_font_size=&#8221;28px&#8221; body_letter_spacing=&#8221;2px&#8221; body_line_height=&#8221;1.4em&#8221; text_orientation=&#8221;center&#8221; custom_margin=&#8221;||||false|false&#8221; custom_padding=&#8221;||||false|false&#8221; body_font_size_tablet=&#8221;&#8221; body_font_size_phone=&#8221;24px&#8221; body_font_size_last_edited=&#8221;on|phone&#8221; global_colors_info=&#8221;{}&#8221;]<\/p>\n<p><strong>Imprint<\/strong><\/p>\n<p>[\/et_pb_blurb][\/et_pb_column][et_pb_column type=&#8221;1_2&#8243; _builder_version=&#8221;4.16&#8243; custom_padding=&#8221;|||&#8221; global_colors_info=&#8221;{}&#8221; custom_padding__hover=&#8221;|||&#8221;][\/et_pb_column][\/et_pb_row][et_pb_row _builder_version=&#8221;4.16&#8243; background_enable_color=&#8221;off&#8221; background_size=&#8221;initial&#8221; background_position=&#8221;top_left&#8221; background_repeat=&#8221;repeat&#8221; width=&#8221;100%&#8221; max_width=&#8221;90%&#8221; custom_margin_tablet=&#8221;&#8221; custom_margin_phone=&#8221;-50px||||false|false&#8221; custom_margin_last_edited=&#8221;on|desktop&#8221; locked=&#8221;off&#8221; global_colors_info=&#8221;{}&#8221;][et_pb_column type=&#8221;4_4&#8243; _builder_version=&#8221;4.16&#8243; custom_padding=&#8221;|||&#8221; global_colors_info=&#8221;{}&#8221; custom_padding__hover=&#8221;|||&#8221;][et_pb_blurb content_max_width=&#8221;110%&#8221; admin_label=&#8221;Informationstext&#8221; _builder_version=&#8221;4.27.4&#8243; header_font=&#8221;|||on|||||&#8221; header_text_align=&#8221;left&#8221; header_text_color=&#8221;#003c73&#8243; header_font_size=&#8221;28px&#8221; header_letter_spacing=&#8221;1px&#8221; header_line_height=&#8221;1.4em&#8221; body_font=&#8221;|300|||||||&#8221; body_text_align=&#8221;left&#8221; body_text_color=&#8221;#434343&#8243; body_font_size=&#8221;16px&#8221; body_line_height=&#8221;1.5em&#8221; text_orientation=&#8221;center&#8221; custom_margin=&#8221;||||false|false&#8221; custom_padding=&#8221;|0px|||false|false&#8221; hover_enabled=&#8221;0&#8243; global_colors_info=&#8221;{}&#8221; sticky_enabled=&#8221;0&#8243;]<\/p>\n<p><b>EKAZENT Management GmbH<br \/><\/b>Parkring 12<br \/>1010 Wien<br \/>Austria<\/p>\n<p>&nbsp;<\/p>\n<div class=\"twotext-column\">\n<p><strong>Gesch\u00e4ftsf\u00fchrer:<\/strong><br \/>Franz Alexander Kollitsch, Ing. Norbert Pfundner<br \/>Sitz der Gesellschaft:\u00a0Wien<br \/>FN 540174z, Handelsgericht Wien<br \/>Unternehmensgegenstand: Verwaltung von Beteiligungen, Immobilienverwaltung<\/p>\n<p>&nbsp;<\/p>\n<p><strong>Verantwortlich f\u00fcr den Inhalt:<\/strong><br \/>EKAZENT Management GmbH<\/p>\n<p>&nbsp;<\/p>\n<p><strong>Webdesign und -development:<\/strong><strong><br \/><\/strong><a href=\"https:\/\/skiava.com\" target=\"_blank\" rel=\"noopener noreferrer\">Skiava Agency<\/a><\/p>\n<p>&nbsp;<\/p>\n<p><strong>Haftungsausschluss<\/strong><\/p>\n<p>Alle Rechte vorbehalten. Jede Nutzung der auf der Website zur Verf\u00fcgung gestellten Daten, insbesondere das Legen eines Hyperlinks beziehungsweise das Framing auf oder hinsichtlich auch nur von Teilen dieser Website, bedarf der vorherigen schriftlichen Zustimmung der EKAZENT Management GmbH. Jeglicher Inhalt der Website und ihrer Teile wurde unter Anwendung gr\u00f6\u00dftm\u00f6glicher Sorgfalt erstellt und \u00fcberwacht. Jegliche Haftung bez\u00fcglich Links zu anderen Webseiten und der Richtigkeit und Aktualit\u00e4t der enthaltenen Angaben sowie f\u00fcr Datenverlust oder andere technische Beeintr\u00e4chtigungen, die beim Betrachten oder Herunterladen von Daten dieser Website entstehen k\u00f6nnen, ist ausgeschlossen.<\/p>\n<\/div>\n<p>[\/et_pb_blurb][\/et_pb_column][\/et_pb_row][et_pb_row module_id=&#8221;presse-kontakt&#8221; _builder_version=&#8221;4.16&#8243; background_enable_color=&#8221;off&#8221; background_size=&#8221;initial&#8221; background_position=&#8221;top_left&#8221; background_repeat=&#8221;repeat&#8221; width=&#8221;100%&#8221; max_width=&#8221;90%&#8221; locked=&#8221;off&#8221; global_colors_info=&#8221;{}&#8221;][et_pb_column type=&#8221;4_4&#8243; _builder_version=&#8221;4.16&#8243; custom_padding=&#8221;|||&#8221; global_colors_info=&#8221;{}&#8221; custom_padding__hover=&#8221;|||&#8221;][et_pb_divider show_divider=&#8221;off&#8221; _builder_version=&#8221;4.16&#8243; height=&#8221;90px&#8221; global_colors_info=&#8221;{}&#8221;][\/et_pb_divider][\/et_pb_column][\/et_pb_row][\/et_pb_section]<\/p>\n","protected":false},"excerpt":{"rendered":"<p>ImprintEKAZENT Management GmbHParkring 121010 WienAustria &nbsp; Gesch\u00e4ftsf\u00fchrer:Franz Alexander Kollitsch, Ing. Norbert PfundnerSitz der Gesellschaft:\u00a0WienFN 540174z, Handelsgericht WienUnternehmensgegenstand: Verwaltung von Beteiligungen, Immobilienverwaltung &nbsp; Verantwortlich f\u00fcr den Inhalt:EKAZENT Management GmbH &nbsp; Webdesign und -development:Skiava Agency &nbsp; Haftungsausschluss Alle Rechte vorbehalten. Jede Nutzung der auf der Website zur Verf\u00fcgung gestellten Daten, insbesondere das Legen eines Hyperlinks beziehungsweise das [&hellip;]<\/p>\n","protected":false},"author":1,"featured_media":0,"parent":0,"menu_order":0,"comment_status":"closed","ping_status":"open","template":"","meta":{"_et_pb_use_builder":"on","_et_pb_old_content":"","_et_gb_content_width":"","footnotes":""},"class_list":["post-23859","page","type-page","status-publish","hentry"],"_links":{"self":[{"href":"https:\/\/ekazent.at\/en\/wp-json\/wp\/v2\/pages\/23859","targetHints":{"allow":["GET"]}}],"collection":[{"href":"https:\/\/ekazent.at\/en\/wp-json\/wp\/v2\/pages"}],"about":[{"href":"https:\/\/ekazent.at\/en\/wp-json\/wp\/v2\/types\/page"}],"author":[{"embeddable":true,"href":"https:\/\/ekazent.at\/en\/wp-json\/wp\/v2\/users\/1"}],"replies":[{"embeddable":true,"href":"https:\/\/ekazent.at\/en\/wp-json\/wp\/v2\/comments?post=23859"}],"version-history":[{"count":13,"href":"https:\/\/ekazent.at\/en\/wp-json\/wp\/v2\/pages\/23859\/revisions"}],"predecessor-version":[{"id":27692,"href":"https:\/\/ekazent.at\/en\/wp-json\/wp\/v2\/pages\/23859\/revisions\/27692"}],"wp:attachment":[{"href":"https:\/\/ekazent.at\/en\/wp-json\/wp\/v2\/media?parent=23859"}],"curies":[{"name":"wp","href":"https:\/\/api.w.org\/{rel}","templated":true}]}}